{"id":21,"date":"2022-11-28T15:15:15","date_gmt":"2022-11-28T14:15:15","guid":{"rendered":"https:\/\/annelauredardillac.com\/?page_id=21"},"modified":"2022-11-29T10:52:04","modified_gmt":"2022-11-29T09:52:04","slug":"contact","status":"publish","type":"page","link":"https:\/\/annelauredardillac.com\/index.php\/contact\/","title":{"rendered":"Contact"},"content":{"rendered":"\t\t<div data-elementor-type=\"wp-page\" data-elementor-id=\"21\" class=\"elementor elementor-21\">\n\t\t\t\t\t\t<section class=\"elementor-section elementor-top-section elementor-element elementor-element-732097c elementor-section-boxed elementor-section-height-default elementor-section-height-default\" data-id=\"732097c\" data-element_type=\"section\" data-e-type=\"section\">\n\t\t\t\t\t\t<div class=\"elementor-container elementor-column-gap-default\">\n\t\t\t\t\t<div class=\"elementor-column elementor-col-50 elementor-top-column elementor-element elementor-element-5b607ad\" data-id=\"5b607ad\" data-element_type=\"column\" data-e-type=\"column\">\n\t\t\t<div class=\"elementor-widget-wrap elementor-element-populated\">\n\t\t\t\t\t\t<div class=\"elementor-element elementor-element-e28aee1 elementor-widget elementor-widget-heading\" data-id=\"e28aee1\" data-element_type=\"widget\" data-e-type=\"widget\" data-widget_type=\"heading.default\">\n\t\t\t\t<div class=\"elementor-widget-container\">\n\t\t\t\t\t<h2 class=\"elementor-heading-title elementor-size-default\">Contact<\/h2>\t\t\t\t<\/div>\n\t\t\t\t<\/div>\n\t\t\t\t<div class=\"elementor-element elementor-element-dc5191b elementor-widget elementor-widget-text-editor\" data-id=\"dc5191b\" data-element_type=\"widget\" data-e-type=\"widget\" data-widget_type=\"text-editor.default\">\n\t\t\t\t<div class=\"elementor-widget-container\">\n\t\t\t\t\t\t\t\t\t<p style=\"text-align: center;\">Je vous accueille \u00e0 l\u2019atelier sur rendez-vous,<br \/>24 rue de Br\u00e9tigny \u00e0 Jardres du<\/p>\t\t\t\t\t\t\t\t<\/div>\n\t\t\t\t<\/div>\n\t\t\t\t<div class=\"elementor-element elementor-element-b9259a3 elementor-widget elementor-widget-text-editor\" data-id=\"b9259a3\" data-element_type=\"widget\" data-e-type=\"widget\" data-widget_type=\"text-editor.default\">\n\t\t\t\t<div class=\"elementor-widget-container\">\n\t\t\t\t\t\t\t\t\t<p><strong>lundi au vendredi de 9h \u00e0 12h30 et de 14h \u00e0 18h<\/strong><\/p><p><strong>Le samedi matin sur rendez-vous au 06 26 23 79 38<\/strong><\/p>\t\t\t\t\t\t\t\t<\/div>\n\t\t\t\t<\/div>\n\t\t\t\t\t<\/div>\n\t\t<\/div>\n\t\t\t\t<div class=\"elementor-column elementor-col-50 elementor-top-column elementor-element elementor-element-fe5ce02\" data-id=\"fe5ce02\" data-element_type=\"column\" data-e-type=\"column\">\n\t\t\t<div class=\"elementor-widget-wrap elementor-element-populated\">\n\t\t\t\t\t\t<div class=\"elementor-element elementor-element-0e46e48 elementor-widget elementor-widget-image\" data-id=\"0e46e48\" data-element_type=\"widget\" data-e-type=\"widget\" data-widget_type=\"image.default\">\n\t\t\t\t<div class=\"elementor-widget-container\">\n\t\t\t\t\t\t\t\t\t\t\t\t\t\t\t<img fetchpriority=\"high\" decoding=\"async\" width=\"1004\" height=\"650\" src=\"https:\/\/annelauredardillac.com\/wp-content\/uploads\/2022\/11\/vue-atelier.jpg\" class=\"attachment-large size-large wp-image-206\" alt=\"\" srcset=\"https:\/\/annelauredardillac.com\/wp-content\/uploads\/2022\/11\/vue-atelier.jpg 1004w, https:\/\/annelauredardillac.com\/wp-content\/uploads\/2022\/11\/vue-atelier-300x194.jpg 300w, https:\/\/annelauredardillac.com\/wp-content\/uploads\/2022\/11\/vue-atelier-768x497.jpg 768w, https:\/\/annelauredardillac.com\/wp-content\/uploads\/2022\/11\/vue-atelier-93x60.jpg 93w\" sizes=\"(max-width: 1004px) 100vw, 1004px\" \/>\t\t\t\t\t\t\t\t\t\t\t\t\t\t\t<\/div>\n\t\t\t\t<\/div>\n\t\t\t\t\t<\/div>\n\t\t<\/div>\n\t\t\t\t\t<\/div>\n\t\t<\/section>\n\t\t\t\t<section class=\"elementor-section elementor-top-section elementor-element elementor-element-3b556cd elementor-section-boxed elementor-section-height-default elementor-section-height-default\" data-id=\"3b556cd\" data-element_type=\"section\" data-e-type=\"section\">\n\t\t\t\t\t\t<div class=\"elementor-container elementor-column-gap-default\">\n\t\t\t\t\t<div class=\"elementor-column elementor-col-100 elementor-top-column elementor-element elementor-element-f73f3fd\" data-id=\"f73f3fd\" data-element_type=\"column\" data-e-type=\"column\">\n\t\t\t<div class=\"elementor-widget-wrap elementor-element-populated\">\n\t\t\t\t\t\t<div class=\"elementor-element elementor-element-a9a1274 elementor-widget elementor-widget-spacer\" data-id=\"a9a1274\" data-element_type=\"widget\" data-e-type=\"widget\" data-widget_type=\"spacer.default\">\n\t\t\t\t<div class=\"elementor-widget-container\">\n\t\t\t\t\t\t\t<div class=\"elementor-spacer\">\n\t\t\t<div class=\"elementor-spacer-inner\"><\/div>\n\t\t<\/div>\n\t\t\t\t\t\t<\/div>\n\t\t\t\t<\/div>\n\t\t\t\t\t<\/div>\n\t\t<\/div>\n\t\t\t\t\t<\/div>\n\t\t<\/section>\n\t\t\t\t<section class=\"elementor-section elementor-top-section elementor-element elementor-element-78d7f2e elementor-section-boxed elementor-section-height-default elementor-section-height-default\" data-id=\"78d7f2e\" data-element_type=\"section\" data-e-type=\"section\">\n\t\t\t\t\t\t<div class=\"elementor-container elementor-column-gap-default\">\n\t\t\t\t\t<div class=\"elementor-column elementor-col-100 elementor-top-column elementor-element elementor-element-44119fa\" data-id=\"44119fa\" data-element_type=\"column\" data-e-type=\"column\">\n\t\t\t<div class=\"elementor-widget-wrap elementor-element-populated\">\n\t\t\t\t\t\t<div class=\"elementor-element elementor-element-6f03bad elementor-widget elementor-widget-google_maps\" data-id=\"6f03bad\" data-element_type=\"widget\" data-e-type=\"widget\" data-widget_type=\"google_maps.default\">\n\t\t\t\t<div class=\"elementor-widget-container\">\n\t\t\t\t\t\t\t<div class=\"elementor-custom-embed\">\n\t\t\t<iframe loading=\"lazy\"\n\t\t\t\t\tsrc=\"https:\/\/maps.google.com\/maps?q=24%20rue%20de%20Br%C3%A9tigny%2086800%20Jardres&#038;t=m&#038;z=12&#038;output=embed&#038;iwloc=near\"\n\t\t\t\t\ttitle=\"24 rue de Br\u00e9tigny 86800 Jardres\"\n\t\t\t\t\taria-label=\"24 rue de Br\u00e9tigny 86800 Jardres\"\n\t\t\t><\/iframe>\n\t\t<\/div>\n\t\t\t\t\t\t<\/div>\n\t\t\t\t<\/div>\n\t\t\t\t\t<\/div>\n\t\t<\/div>\n\t\t\t\t\t<\/div>\n\t\t<\/section>\n\t\t\t\t<\/div>\n\t\t","protected":false},"excerpt":{"rendered":"<p>Contact Je vous accueille \u00e0 l\u2019atelier sur rendez-vous,24 rue de Br\u00e9tigny \u00e0 Jardres du lundi au vendredi de 9h \u00e0 12h30 et de 14h \u00e0 &hellip; <\/p>\n","protected":false},"author":1,"featured_media":0,"parent":0,"menu_order":0,"comment_status":"closed","ping_status":"closed","template":"elementor_header_footer","meta":{"footnotes":""},"class_list":["post-21","page","type-page","status-publish","hentry","latest_post"],"_links":{"self":[{"href":"https:\/\/annelauredardillac.com\/index.php\/wp-json\/wp\/v2\/pages\/21","targetHints":{"allow":["GET"]}}],"collection":[{"href":"https:\/\/annelauredardillac.com\/index.php\/wp-json\/wp\/v2\/pages"}],"about":[{"href":"https:\/\/annelauredardillac.com\/index.php\/wp-json\/wp\/v2\/types\/page"}],"author":[{"embeddable":true,"href":"https:\/\/annelauredardillac.com\/index.php\/wp-json\/wp\/v2\/users\/1"}],"replies":[{"embeddable":true,"href":"https:\/\/annelauredardillac.com\/index.php\/wp-json\/wp\/v2\/comments?post=21"}],"version-history":[{"count":19,"href":"https:\/\/annelauredardillac.com\/index.php\/wp-json\/wp\/v2\/pages\/21\/revisions"}],"predecessor-version":[{"id":221,"href":"https:\/\/annelauredardillac.com\/index.php\/wp-json\/wp\/v2\/pages\/21\/revisions\/221"}],"wp:attachment":[{"href":"https:\/\/annelauredardillac.com\/index.php\/wp-json\/wp\/v2\/media?parent=21"}],"curies":[{"name":"wp","href":"https:\/\/api.w.org\/{rel}","templated":true}]}}