{"id":25,"date":"2022-11-28T15:17:18","date_gmt":"2022-11-28T14:17:18","guid":{"rendered":"https:\/\/annelauredardillac.com\/?page_id=25"},"modified":"2022-11-29T09:36:04","modified_gmt":"2022-11-29T08:36:04","slug":"notre-metier","status":"publish","type":"page","link":"https:\/\/annelauredardillac.com\/index.php\/notre-metier\/","title":{"rendered":"Notre m\u00e9tier"},"content":{"rendered":"\t\t<div data-elementor-type=\"wp-page\" data-elementor-id=\"25\" class=\"elementor elementor-25\">\n\t\t\t\t\t\t<section class=\"elementor-section elementor-top-section elementor-element elementor-element-0e86d73 elementor-section-boxed elementor-section-height-default elementor-section-height-default\" data-id=\"0e86d73\" data-element_type=\"section\" data-e-type=\"section\">\n\t\t\t\t\t\t<div class=\"elementor-container elementor-column-gap-default\">\n\t\t\t\t\t<div class=\"elementor-column elementor-col-100 elementor-top-column elementor-element elementor-element-fa73116\" data-id=\"fa73116\" data-element_type=\"column\" data-e-type=\"column\">\n\t\t\t<div class=\"elementor-widget-wrap elementor-element-populated\">\n\t\t\t\t\t\t<div class=\"elementor-element elementor-element-776266b elementor-widget elementor-widget-image\" data-id=\"776266b\" data-element_type=\"widget\" data-e-type=\"widget\" data-widget_type=\"image.default\">\n\t\t\t\t<div class=\"elementor-widget-container\">\n\t\t\t\t\t\t\t\t\t\t\t\t\t\t\t<img fetchpriority=\"high\" decoding=\"async\" width=\"500\" height=\"375\" src=\"https:\/\/annelauredardillac.com\/wp-content\/uploads\/2022\/11\/Atelier.jpg\" class=\"attachment-large size-large wp-image-38\" alt=\"\" srcset=\"https:\/\/annelauredardillac.com\/wp-content\/uploads\/2022\/11\/Atelier.jpg 500w, https:\/\/annelauredardillac.com\/wp-content\/uploads\/2022\/11\/Atelier-300x225.jpg 300w, https:\/\/annelauredardillac.com\/wp-content\/uploads\/2022\/11\/Atelier-80x60.jpg 80w\" sizes=\"(max-width: 500px) 100vw, 500px\" \/>\t\t\t\t\t\t\t\t\t\t\t\t\t\t\t<\/div>\n\t\t\t\t<\/div>\n\t\t\t\t<div class=\"elementor-element elementor-element-950fb38 elementor-widget elementor-widget-text-editor\" data-id=\"950fb38\" data-element_type=\"widget\" data-e-type=\"widget\" data-widget_type=\"text-editor.default\">\n\t\t\t\t<div class=\"elementor-widget-container\">\n\t\t\t\t\t\t\t\t\t<p>Je peux me d\u00e9placer \u00e0 votre domicile, pour d\u00e9terminer au mieux les choix de textiles en fonction de vos envies et de votre d\u00e9coration d\u2019int\u00e9rieure, que ce soit pour vos fauteuils, rideaux, t\u00eate de lits, coussins etc\u2026<\/p><p>Je vous recevrai \u00e9galement \u00e0 l&rsquo;atelier o\u00f9 vous trouverez une gamme de tissus d&rsquo;\u00e9diteurs (<span style=\"color: #e07c6b;\"><a class=\"\" style=\"color: #e07c6b;\" href=\"http:\/\/www.casal.fr\/\">Casal<\/a><\/span>, <span style=\"color: #e07c6b;\"><a style=\"color: #e07c6b;\" href=\"https:\/\/www.designersguild.com\/fr\/bienvenue-chez-designers-guild\/l0\">Designer&rsquo;s guilde<\/a><\/span>, <span style=\"color: #e07c6b;\"><a style=\"color: #e07c6b;\" href=\"http:\/\/www.edmond-petit.fr\/\">Edmond Petit<\/a><\/span>, <span style=\"color: #e07c6b;\"><a style=\"color: #e07c6b;\" href=\"http:\/\/www.janechurchill.com\/\">Jane Churchill<\/a><\/span>,<span style=\"color: #e07c6b;\"> <a style=\"color: #e07c6b;\" href=\"http:\/\/www.larsenfabrics.com\/\">Larsen<\/a><\/span>, <span style=\"color: #e07c6b;\"><a class=\"\" style=\"color: #e07c6b;\" href=\"http:\/\/www.manuelcanovas.fr\/Galleries\/Collections\/\">Manuel Canovas<\/a><\/span>, <span style=\"color: #e07c6b;\"><a style=\"color: #e07c6b;\" href=\"http:\/\/www.creations-metaphores.com\/\">M\u00e9taphores<\/a><\/span>, <a href=\"https:\/\/www.osborneandlittle.com\/\"><span style=\"color: #e07c6b;\">Osborne &amp; Little<\/span><\/a>, <a class=\"\" href=\"https:\/\/www.stylelibrary.com\/sanderson\/\"><span style=\"color: #e07c6b;\">Sanderson<\/span><\/a>, <span style=\"color: #e07c6b;\"><a style=\"color: #e07c6b;\" href=\"https:\/\/www.stylelibrary.com\/harlequin\/\">Harlequin<\/a><\/span>, Scion, <a href=\"https:\/\/www.houles.com\/\"><span style=\"color: #e07c6b;\">Houl\u00e8s<\/span><\/a>).<\/p>\t\t\t\t\t\t\t\t<\/div>\n\t\t\t\t<\/div>\n\t\t\t\t\t<\/div>\n\t\t<\/div>\n\t\t\t\t\t<\/div>\n\t\t<\/section>\n\t\t\t\t<\/div>\n\t\t","protected":false},"excerpt":{"rendered":"<p>Je peux me d\u00e9placer \u00e0 votre domicile, pour d\u00e9terminer au mieux les choix de textiles en fonction de vos envies et de votre d\u00e9coration d\u2019int\u00e9rieure, &hellip; <\/p>\n","protected":false},"author":1,"featured_media":0,"parent":0,"menu_order":0,"comment_status":"closed","ping_status":"closed","template":"elementor_header_footer","meta":{"footnotes":""},"class_list":["post-25","page","type-page","status-publish","hentry","latest_post"],"_links":{"self":[{"href":"https:\/\/annelauredardillac.com\/index.php\/wp-json\/wp\/v2\/pages\/25","targetHints":{"allow":["GET"]}}],"collection":[{"href":"https:\/\/annelauredardillac.com\/index.php\/wp-json\/wp\/v2\/pages"}],"about":[{"href":"https:\/\/annelauredardillac.com\/index.php\/wp-json\/wp\/v2\/types\/page"}],"author":[{"embeddable":true,"href":"https:\/\/annelauredardillac.com\/index.php\/wp-json\/wp\/v2\/users\/1"}],"replies":[{"embeddable":true,"href":"https:\/\/annelauredardillac.com\/index.php\/wp-json\/wp\/v2\/comments?post=25"}],"version-history":[{"count":10,"href":"https:\/\/annelauredardillac.com\/index.php\/wp-json\/wp\/v2\/pages\/25\/revisions"}],"predecessor-version":[{"id":105,"href":"https:\/\/annelauredardillac.com\/index.php\/wp-json\/wp\/v2\/pages\/25\/revisions\/105"}],"wp:attachment":[{"href":"https:\/\/annelauredardillac.com\/index.php\/wp-json\/wp\/v2\/media?parent=25"}],"curies":[{"name":"wp","href":"https:\/\/api.w.org\/{rel}","templated":true}]}}